{"id":524,"date":"2019-12-24T09:42:08","date_gmt":"2019-12-24T09:42:08","guid":{"rendered":"https:\/\/www.atlanticadechorro.com\/atlantica\/politica-de-privacidad\/"},"modified":"2019-12-24T09:55:12","modified_gmt":"2019-12-24T09:55:12","slug":"politica-de-privacidad","status":"publish","type":"page","link":"https:\/\/www.atlanticadechorro.com\/atlantica\/politica-de-privacidad\/","title":{"rendered":"Pol\u00edtica de privacidad"},"content":{"rendered":"<div id=\"clickdatos\">\n<h2>POL\u00cdTICA DE PRIVACIDAD Y PROTECCI\u00d3N DE DATOS<\/h2>\n<p>En esta Pol\u00edtica de Privacidad encontrar\u00e1s toda la informaci\u00f3n relevante<br \/>\nque aplica al uso que hacemos de los datos personales de recogidos en<br \/>\nnuestra p\u00e1gina web.<br \/>\nSomos transparentes sobre lo que hacemos con tus datos personales, para que entiendas las implicaciones de los usos que llevamos a cabo o los derechos de los que dispones en relaci\u00f3n con tus datos:<br \/>\nPonemos a tu disposici\u00f3n de forma permanente toda la informaci\u00f3n en esta Pol\u00edtica de Privacidad que puedes consultar cuando lo estimes oportuno y adem\u00e1s, tambi\u00e9n ir\u00e1s encontrando informaci\u00f3n acerca de cada tratamiento de sus datos personales conforme vayas interactuando con nosotros.<\/p>\n<h3>1. Qui\u00e9n es el responsable del tratamiento de tus datos personales<\/h3>\n<p>El responsable del tratamiento de tus datos es: Atl\u00e1ntica de Chorro, S.L. Direcci\u00f3n postal: P. I. Pelagatos, Calle Trabajadores, 26-C, 11.130, Chiclana de la Frontera (C\u00e1diz).<br \/>\nO Correo electr\u00f3nico: atlantic@atlanticadechorro.com.<\/p>\n<h3>2. Para qu\u00e9 y por qu\u00e9 usamos tus datos personales<\/h3>\n<p>Usaremos tus datos personales para atender tus consultas y, en caso en el que lo solicites, enviarte nuestras comunicaciones comerciales.<br \/>\nNos legitima para tratar tus datos personales el inter\u00e9s de atender tus consultas o el consentimiento prestado para el env\u00edo de comunicaciones comerciales, en su caso.<\/p>\n<h3>3. Finalidad del tratamiento de tus datos personales<\/h3>\n<p>Para poder atender tus consultas, necesitaremos tratar los siguientes datos:<br \/>\n\uf0a7 Tus datos identificativos (por ejemplo, tu nombre, apellido, datos de<br \/>\ncontacto, etc.)<br \/>\n\uf0a7 Informaci\u00f3n comercial (por ejemplo, si est\u00e1s suscrito a nuestra<br \/>\nnewsletter)<br \/>\nRecuerda que, cuando te pidamos que rellenes tus datos personales para<br \/>\nresponder a tus consultas, marcaremos algunos campos como obligatorios, puesto que son datos que necesitamos para poder atender tu solicitud. Por favor, ten en cuenta que si decides no facilitarnos esos datos, es posible que no podamos atenderte.<br \/>\nTrataremos tus datos personales para las siguientes finalidades:<br \/>\na) Para atender las consultas planteadas a trav\u00e9s del formulario de contacto:<br \/>\nS\u00f3lo trataremos los datos personales que sean estrictamente necesarios para gestionar o resolver tu solicitud o petici\u00f3n.<br \/>\nb) Para fines de marketing:<br \/>\nEn la medida en que te suscribas a nuestra Newsletter, trataremos tus datos personales para gestionar tu suscripci\u00f3n, incluyendo el env\u00edo de informaci\u00f3n personalizada acerca de nuestros productos o servicios a<br \/>\ntrav\u00e9s de tu correo electr\u00f3nico.<\/p>\n<h3>4. \u00bfCu\u00e1l es la legitimaci\u00f3n para el tratamiento de tus datos?<\/h3>\n<p>a) Para atender las consultas realizadas a trav\u00e9s del formulario de<br \/>\ncontacto:<br \/>\nConsideramos que tenemos un inter\u00e9s leg\u00edtimo para atender las consultas que nos plantees a trav\u00e9s de los diversos medios de contacto existentes.<br \/>\nEntendemos que el tratamiento de estos datos resulta tambi\u00e9n beneficioso para ti en tanto que nos permite poder atenderte adecuadamente y resolver las consultas planteadas.<br \/>\nCuando tu consulta est\u00e9 relacionada con el ejercicio de los derechos sobre los que te informamos m\u00e1s abajo, o con reclamaciones relacionadas con nuestros servicios, lo que nos legitima para tratar tus datos es el cumplimiento de obligaciones legales por nuestra parte.<br \/>\nb) Para fines de marketing:<br \/>\nLa base leg\u00edtima para tratar tus datos con finalidades de marketing es el consentimiento que nos prestas, por ejemplo cuando aceptas recibir informaci\u00f3n personalizada a trav\u00e9s de diversos medios.<br \/>\n5. Durante cu\u00e1nto tiempo conservaremos tus datos<br \/>\na) Para atender las solicitudes de encargo o peticiones que realices a trav\u00e9s de los canales de Contacto:<br \/>\nTrataremos tus datos durante el tiempo que sea necesario para atender tu solicitud o petici\u00f3n.<br \/>\nb) Para fines de marketing:<br \/>\nTrataremos tus datos hasta que te des de baja o canceles tu suscripci\u00f3n a la newsletter.<\/p>\n<h3>6. \u00bfCon qui\u00e9n compartimos tus datos?<\/h3>\n<p>Compartiremos tus datos con prestadores de servicios que nos ayudan o dan soporte para la prestaci\u00f3n del servicio contratado. Asimismo,accederemos tus datos personales, siempre que exista una obligaci\u00f3n legal.<\/p>\n<h3>7. Cu\u00e1les son tus derechos<\/h3>\n<p>Tienes derecho a acceder, rectificar o suprimir tus datos personales. En algunos casos, tambi\u00e9n tienes otros derechos, por ejemplo, a oponerte a que usemos tus datos o a portarlos, como te explicamos en detalle a continuaci\u00f3n.<br \/>\nNos comprometemos a respetar la confidencialidad de tus datos personales y a garantizarte el ejercicio de tus derechos.<br \/>\nPuedes ejercitarlos sin coste alguno escribi\u00e9ndonos un correo electr\u00f3nico a nuestra direcci\u00f3n atlantic@atlanticadechorro.com, simplemente indic\u00e1ndonos el motivo de tu solicitud y el derecho que quieres ejercitar.<br \/>\nEn caso de que lo consideremos necesario para poder identificarte, podremos solicitarte copia de un documento acreditativo de tu identidad.<br \/>\nEn particular, independientemente de la finalidad o la base legal en virtud de la que tratemos tus datos, tienes derecho a:<br \/>\n\uf0a7 Pedirnos acceso a los datos de los que disponemos de ti.<br \/>\n\uf0a7 Pedirnos que rectifiquemos los datos de los que ya disponemos.<br \/>\nDe todas formas, ten en cuenta que, al facilitarnos activamente tus datos personales, garantizas que son ciertos y exactos y te comprometes a<br \/>\nnotificarnos cualquier cambio o modificaci\u00f3n de los mismos.<br \/>\nPor favor, recuerda que por regla general solo debes facilitarnos tus propios datos personales, no los de terceros, salvo en lo permitido en esta Pol\u00edtica de Privacidad.<br \/>\n\uf0a7 Pedirnos que suprimamos tus datos en la medida en que ya no sean necesarios para la finalidad para los que necesitemos tratarlos seg\u00fan te hemos informado m\u00e1s arriba, o en que ya no contemos con legitimaci\u00f3n para hacerlo.<br \/>\n\uf0a7 Pedirnos que limitemos el tratamiento de tus datos, lo que supone que en determinados casos puedas solicitarnos que suspendamos temporalmente el tratamiento de los datos o que los conservemos m\u00e1s all\u00e1 del tiempo necesario cuando puedas necesitarlo.<br \/>\nSi nos has proporcionado tu consentimiento para el tratamiento de tus datos para cualquier finalidad, tambi\u00e9n tienes derecho a retirarlo en cualquier momento.<br \/>\nCuando nuestra legitimaci\u00f3n para el tratamiento de tus datos sea tu consentimiento o la ejecuci\u00f3n del contrato, tambi\u00e9n tendr\u00e1s derecho a solicitar la portabilidad de tus datos personales. Esto significa que tendr\u00e1s derecho a recibir los datos personales que nos hayas facilitado en un formato estructurado, de uso com\u00fan y legible por una m\u00e1quina, para poder transmitirlo a otra entidad directamente, siempre que t\u00e9cnicamente sea posible.<br \/>\nPor otra parte, cuando el tratamiento de tus datos est\u00e9 basado en nuestro inter\u00e9s leg\u00edtimo, tambi\u00e9n tendr\u00e1s derecho a oponerte al tratamiento de tus datos.<br \/>\nPor \u00faltimo, te informamos de tu derecho a presentar una reclamaci\u00f3n ante la Agencia Espa\u00f1ola de Protecci\u00f3n de Datos.<\/p>\n<h3>8. Cambios en la Pol\u00edtica de Privacidad<\/h3>\n<p>Es posible que modifiquemos la informaci\u00f3n contenida en esta Pol\u00edtica de Privacidad cuando lo estimemos conveniente. En caso de que lo hagamos, te lo notificaremos a trav\u00e9s de tu direcci\u00f3n de correo electr\u00f3nico cuando dicho cambien en cuesti\u00f3n sea significativo para tu privacidad, de manera que puedas valorarlos.<br \/>\nEn cualquier caso, te sugerimos que revises esta Pol\u00edtica de Privacidad peri\u00f3dicamente, por si hubiera cambios mejora interactiva.<\/p>\n<\/div>\n","protected":false},"excerpt":{"rendered":"<p>POL\u00cdTICA DE PRIVACIDAD Y PROTECCI\u00d3N DE DATOS En esta Pol\u00edtica de Privacidad encontrar\u00e1s toda la informaci\u00f3n relevante que aplica al uso que hacemos de los datos personales de recogidos en nuestra p\u00e1gina web. Somos transparentes sobre lo que hacemos con tus datos personales, para que entiendas las implicaciones de los usos que llevamos a cabo [&hellip;]<\/p>\n","protected":false},"author":1,"featured_media":0,"parent":0,"menu_order":0,"comment_status":"closed","ping_status":"closed","template":"","meta":{"_et_pb_use_builder":"","_et_pb_old_content":"","_et_gb_content_width":"","spay_email":""},"jetpack_sharing_enabled":true,"jetpack_shortlink":"https:\/\/wp.me\/PaG2wv-8s","_links":{"self":[{"href":"https:\/\/www.atlanticadechorro.com\/atlantica\/wp-json\/wp\/v2\/pages\/524"}],"collection":[{"href":"https:\/\/www.atlanticadechorro.com\/atlantica\/wp-json\/wp\/v2\/pages"}],"about":[{"href":"https:\/\/www.atlanticadechorro.com\/atlantica\/wp-json\/wp\/v2\/types\/page"}],"author":[{"embeddable":true,"href":"https:\/\/www.atlanticadechorro.com\/atlantica\/wp-json\/wp\/v2\/users\/1"}],"replies":[{"embeddable":true,"href":"https:\/\/www.atlanticadechorro.com\/atlantica\/wp-json\/wp\/v2\/comments?post=524"}],"version-history":[{"count":1,"href":"https:\/\/www.atlanticadechorro.com\/atlantica\/wp-json\/wp\/v2\/pages\/524\/revisions"}],"predecessor-version":[{"id":526,"href":"https:\/\/www.atlanticadechorro.com\/atlantica\/wp-json\/wp\/v2\/pages\/524\/revisions\/526"}],"wp:attachment":[{"href":"https:\/\/www.atlanticadechorro.com\/atlantica\/wp-json\/wp\/v2\/media?parent=524"}],"curies":[{"name":"wp","href":"https:\/\/api.w.org\/{rel}","templated":true}]}}