{"id":309,"date":"2019-02-15T12:26:23","date_gmt":"2019-02-15T12:26:23","guid":{"rendered":"https:\/\/www.atlanticadechorro.com\/achorros\/?post_type=product&#038;p=309"},"modified":"2019-02-18T12:53:46","modified_gmt":"2019-02-18T12:53:46","slug":"careta-apollo-100","status":"publish","type":"product","link":"https:\/\/www.atlanticadechorro.com\/atlantica\/producto\/careta-apollo-100\/","title":{"rendered":"Careta Apollo 100"},"content":{"rendered":"<p>Careta de gran visi\u00f3n, Protecci\u00f3n frente a impactos Fijaci\u00f3n ajustable, silenciador de aire, econ\u00f3mica y homologada para el cumplimiento de la normativa de seguridad.<\/p>\n","protected":false},"excerpt":{"rendered":"<p>Careta de gran visi\u00f3n, Protecci\u00f3n frente a impactos Fijaci\u00f3n ajustable, silenciador de aire, econ\u00f3mica y homologada para el cumplimiento de la normativa de seguridad.<\/p>\n","protected":false},"featured_media":310,"template":"","meta":{"_et_pb_use_builder":"","_et_pb_old_content":"","_et_gb_content_width":"","spay_email":""},"product_cat":[30,23],"product_tag":[],"jetpack_sharing_enabled":true,"_links":{"self":[{"href":"https:\/\/www.atlanticadechorro.com\/atlantica\/wp-json\/wp\/v2\/product\/309"}],"collection":[{"href":"https:\/\/www.atlanticadechorro.com\/atlantica\/wp-json\/wp\/v2\/product"}],"about":[{"href":"https:\/\/www.atlanticadechorro.com\/atlantica\/wp-json\/wp\/v2\/types\/product"}],"wp:featuredmedia":[{"embeddable":true,"href":"https:\/\/www.atlanticadechorro.com\/atlantica\/wp-json\/wp\/v2\/media\/310"}],"wp:attachment":[{"href":"https:\/\/www.atlanticadechorro.com\/atlantica\/wp-json\/wp\/v2\/media?parent=309"}],"wp:term":[{"taxonomy":"product_cat","embeddable":true,"href":"https:\/\/www.atlanticadechorro.com\/atlantica\/wp-json\/wp\/v2\/product_cat?post=309"},{"taxonomy":"product_tag","embeddable":true,"href":"https:\/\/www.atlanticadechorro.com\/atlantica\/wp-json\/wp\/v2\/product_tag?post=309"}],"curies":[{"name":"wp","href":"https:\/\/api.w.org\/{rel}","templated":true}]}}