{"id":322,"date":"2019-02-15T12:53:27","date_gmt":"2019-02-15T12:53:27","guid":{"rendered":"https:\/\/www.atlanticadechorro.com\/achorros\/?post_type=product&#038;p=322"},"modified":"2019-04-15T09:56:17","modified_gmt":"2019-04-15T09:56:17","slug":"foco-led-ca1700","status":"publish","type":"product","link":"https:\/\/www.atlanticadechorro.com\/atlantica\/producto\/foco-led-ca1700\/","title":{"rendered":"Foco LED CA1700"},"content":{"rendered":"<p>Foco estanco con cuerpo de aluminio y aro delantero de nylon para sujeci\u00f3ndel cristal intercambiable por deterioro del impacto del abrasivo.<br \/>\nAqu\u00ed puede ver el d\u00edptico con toda la infomaci\u00f3n sobre este foco:<a href=\"https:\/\/www.atlanticadechorro.com\/achorros\/wp-content\/uploads\/2019\/02\/dipticofocoled.pdf\" target=\"_blank\" rel=\"noopener noreferrer\"> D\u00edptico Foco Led<\/a><\/p>\n","protected":false},"excerpt":{"rendered":"<p>Foco estanco con cuerpo de aluminio y aro delantero de nylon para sujeci\u00f3ndel cristal intercambiable por deterioro del impacto del abrasivo. Aqu\u00ed puede ver el d\u00edptico con toda la infomaci\u00f3n sobre este foco: D\u00edptico Foco Led<\/p>\n","protected":false},"featured_media":480,"template":"","meta":{"_et_pb_use_builder":"","_et_pb_old_content":"","_et_gb_content_width":"","spay_email":""},"product_cat":[30,23],"product_tag":[],"jetpack_sharing_enabled":true,"_links":{"self":[{"href":"https:\/\/www.atlanticadechorro.com\/atlantica\/wp-json\/wp\/v2\/product\/322"}],"collection":[{"href":"https:\/\/www.atlanticadechorro.com\/atlantica\/wp-json\/wp\/v2\/product"}],"about":[{"href":"https:\/\/www.atlanticadechorro.com\/atlantica\/wp-json\/wp\/v2\/types\/product"}],"wp:featuredmedia":[{"embeddable":true,"href":"https:\/\/www.atlanticadechorro.com\/atlantica\/wp-json\/wp\/v2\/media\/480"}],"wp:attachment":[{"href":"https:\/\/www.atlanticadechorro.com\/atlantica\/wp-json\/wp\/v2\/media?parent=322"}],"wp:term":[{"taxonomy":"product_cat","embeddable":true,"href":"https:\/\/www.atlanticadechorro.com\/atlantica\/wp-json\/wp\/v2\/product_cat?post=322"},{"taxonomy":"product_tag","embeddable":true,"href":"https:\/\/www.atlanticadechorro.com\/atlantica\/wp-json\/wp\/v2\/product_tag?post=322"}],"curies":[{"name":"wp","href":"https:\/\/api.w.org\/{rel}","templated":true}]}}