{"id":326,"date":"2019-02-15T13:08:36","date_gmt":"2019-02-15T13:08:36","guid":{"rendered":"https:\/\/www.atlanticadechorro.com\/achorros\/?post_type=product&#038;p=326"},"modified":"2019-02-18T12:52:07","modified_gmt":"2019-02-18T12:52:07","slug":"geo-blasters-sa-series","status":"publish","type":"product","link":"https:\/\/www.atlanticadechorro.com\/atlantica\/producto\/geo-blasters-sa-series\/","title":{"rendered":"Geo Blasters SA Series"},"content":{"rendered":"<p align=\"justify\"><strong>Serie SA:<\/strong><br \/>\nEs un equipo dise\u00f1ado por contratistas, para el cual han sido utilizados solo componentes est\u00e1ndar con sus respectivos repuestos.<\/p>\n<p align=\"justify\"><strong>Cuenta con:<\/strong><\/p>\n<ul>\n<li style=\"list-style-type: none;\">\n<ul>\n<li>Tanque de presurizado de 180kg a 272kg.<\/li>\n<li>Panel de control de acero inoxidable.<\/li>\n<li>Marco de acero inoxidable.<\/li>\n<li>Manguera de 15m y sus conexiones.<\/li>\n<li>Interruptor neum\u00e1tico de seguridad y l\u00edneas.<\/li>\n<li>Boquilla de desempe\u00f1o XL.<\/li>\n<li>Dimensiones: 91 \u00d7 91 \u00d7 122cm; Peso: 318 kgs; Aire; 5.2 o 10.6 m\u00b3\/min.<\/li>\n<\/ul>\n<\/li>\n<\/ul>\n","protected":false},"excerpt":{"rendered":"<p>Serie SA: Es un equipo dise\u00f1ado por contratistas, para el cual han sido utilizados solo componentes est\u00e1ndar con sus respectivos repuestos. Cuenta con: Tanque de presurizado de 180kg a 272kg. Panel de control de acero inoxidable. Marco de acero inoxidable. Manguera de 15m y sus conexiones. Interruptor neum\u00e1tico de seguridad y l\u00edneas. Boquilla de desempe\u00f1o [&hellip;]<\/p>\n","protected":false},"featured_media":369,"template":"","meta":{"_et_pb_use_builder":"","_et_pb_old_content":"","_et_gb_content_width":"","spay_email":""},"product_cat":[23,31],"product_tag":[],"jetpack_sharing_enabled":true,"_links":{"self":[{"href":"https:\/\/www.atlanticadechorro.com\/atlantica\/wp-json\/wp\/v2\/product\/326"}],"collection":[{"href":"https:\/\/www.atlanticadechorro.com\/atlantica\/wp-json\/wp\/v2\/product"}],"about":[{"href":"https:\/\/www.atlanticadechorro.com\/atlantica\/wp-json\/wp\/v2\/types\/product"}],"wp:featuredmedia":[{"embeddable":true,"href":"https:\/\/www.atlanticadechorro.com\/atlantica\/wp-json\/wp\/v2\/media\/369"}],"wp:attachment":[{"href":"https:\/\/www.atlanticadechorro.com\/atlantica\/wp-json\/wp\/v2\/media?parent=326"}],"wp:term":[{"taxonomy":"product_cat","embeddable":true,"href":"https:\/\/www.atlanticadechorro.com\/atlantica\/wp-json\/wp\/v2\/product_cat?post=326"},{"taxonomy":"product_tag","embeddable":true,"href":"https:\/\/www.atlanticadechorro.com\/atlantica\/wp-json\/wp\/v2\/product_tag?post=326"}],"curies":[{"name":"wp","href":"https:\/\/api.w.org\/{rel}","templated":true}]}}