{"id":196,"date":"2019-02-12T12:57:16","date_gmt":"2019-02-12T12:57:16","guid":{"rendered":"https:\/\/www.atlanticadechorro.com\/jbaldemeru\/?post_type=product&#038;p=196"},"modified":"2019-02-12T12:58:02","modified_gmt":"2019-02-12T12:58:02","slug":"bristle-blaster-mbx","status":"publish","type":"product","link":"https:\/\/www.atlanticadechorro.com\/ibaljomeru\/producto\/bristle-blaster-mbx\/","title":{"rendered":"BRISTLE BLASTER MBX"},"content":{"rendered":"<h2><strong>MBX\u200a<sup>\u00ae<\/sup><\/strong><\/h2>\n<p>Una herramienta multitalento para el tratamiento de carrocer\u00edas: elimina con rapidez y sin esfuerzo oxido, laca y revestimiento protector de los bajos del coche.<\/p>\n<ul>\n<li>Eliminaci\u00f3n de \u00f3xido, laca, revestimiento protector de los bajos de la carrocer\u00eda y masa de sellado.<\/li>\n<li>Permite trabajar con facilidad, rapidez y seguridad.<\/li>\n<li>Se adapta perfectamente a todos los contornos.<\/li>\n<li>Erosi\u00f3n m\u00ednima del material de base.<\/li>\n<li>Gracias a que el calentamiento que se produce es despreciable, los cepillos no se embotan.<\/li>\n<li>La mejor calidad<\/li>\n<\/ul>\n","protected":false},"excerpt":{"rendered":"<p>MBX\u200a\u00ae Una herramienta multitalento para el tratamiento de carrocer\u00edas: elimina con rapidez y sin esfuerzo oxido, laca y revestimiento protector de los bajos del coche. Eliminaci\u00f3n de \u00f3xido, laca, revestimiento protector de los bajos de la carrocer\u00eda y masa de sellado. Permite trabajar con facilidad, rapidez y seguridad. Se adapta perfectamente a todos los contornos. [&hellip;]<\/p>\n","protected":false},"featured_media":197,"template":"","meta":{"_et_pb_use_builder":"","_et_pb_old_content":"","_et_gb_content_width":"","spay_email":""},"class_list":["post-196","product","type-product","status-publish","has-post-thumbnail","hentry","product_cat-atex","product_cat-equipos-moviles-de-aspiracion","product_cat-tratamiento-de-superficies"],"jetpack_sharing_enabled":true,"_links":{"self":[{"href":"https:\/\/www.atlanticadechorro.com\/ibaljomeru\/wp-json\/wp\/v2\/product\/196","targetHints":{"allow":["GET"]}}],"collection":[{"href":"https:\/\/www.atlanticadechorro.com\/ibaljomeru\/wp-json\/wp\/v2\/product"}],"about":[{"href":"https:\/\/www.atlanticadechorro.com\/ibaljomeru\/wp-json\/wp\/v2\/types\/product"}],"wp:featuredmedia":[{"embeddable":true,"href":"https:\/\/www.atlanticadechorro.com\/ibaljomeru\/wp-json\/wp\/v2\/media\/197"}],"wp:attachment":[{"href":"https:\/\/www.atlanticadechorro.com\/ibaljomeru\/wp-json\/wp\/v2\/media?parent=196"}],"curies":[{"name":"wp","href":"https:\/\/api.w.org\/{rel}","templated":true}]}}