{"id":20,"date":"2018-12-17T12:22:05","date_gmt":"2018-12-17T12:22:05","guid":{"rendered":"https:\/\/www.atlanticadechorro.com\/jbaldemeru\/?post_type=product&#038;p=20"},"modified":"2019-02-11T11:13:00","modified_gmt":"2019-02-11T11:13:00","slug":"peli-rals-9435","status":"publish","type":"product","link":"https:\/\/www.atlanticadechorro.com\/ibaljomeru\/producto\/peli-rals-9435\/","title":{"rendered":"FOCO ATEX PORT\u00c1TIL PELI RALS 9435"},"content":{"rendered":"<p>El nuevo sistema de iluminaci\u00f3n de \u00e1reas remotas mediante LEDs (diodos emisores de luz) es el primero de la firma Peli Products que cuenta con certificaci\u00f3n de seguridad, dise\u00f1ado para proporcionar a los usuarios una mayor seguridad en lugares peligrosos.<br \/>\nEl 9435 es un sistema port\u00e1til de iluminaci\u00f3n de \u00e1reas de peque\u00f1o tama\u00f1o y 7,98 kg de peso, que apuesta por la versatilidad y la seguridad y cumple con los rigurosos requisitos de certificaci\u00f3n de ETL (clase 1, div. 2), CE y ATEX. Incorpora un m\u00e1stil extensible y giratorio que se alarga hasta casi 1 metro, un grupo de luces articulado capaz de girar 360\u00ba y una amplia zona de agarre para transportarlo c\u00f3modamente, incluso con guantes.<br \/>\nLos LEDs de nueva generaci\u00f3n y los dos modos de funcionamiento con interruptor estanco del 9435 proporcionan 1.500 l\u00famenes en la posici\u00f3n de alta potencia y 750 en la de baja potencia. El sistema se alimenta mediante una pila recargable que no precisa mantenimiento, permite gozar de hasta 5 horas de m\u00e1ximo brillo y se recarga completamente en 8 horas una vez agotada. El 9435 presenta una estructura de pol\u00edmero muy duradera e impermeable, y est\u00e1 disponible en color naranja y verde.<\/p>\n<h3><span class=\"EstiloSubItem\">Especificaciones:<\/span><\/h3>\n<ul>\n<li>Peso: 7.98 kg<\/li>\n<li>Dimensiones: 40 x 20 x 23 cm<\/li>\n<li>Bater\u00edas: Plomo-\u00e1cido gel, selladas, recargables de 12v\u00a1<\/li>\n<li>Autonom\u00eda: 10 h (Bajo 750 Lumens)<\/li>\n<li>Autonom\u00eda: 5 h (Alto 1500 Lumens)<\/li>\n<\/ul>\n","protected":false},"excerpt":{"rendered":"<p><span class=\"Estilo12Marino\">El nuevo sistema de iluminaci\u00f3n de \u00e1reas remotas mediante LEDs (diodos emisores de luz) es el primero de la firma Peli Products que cuenta con certificaci\u00f3n de seguridad, dise\u00f1ado para proporcionar a los usuarios una mayor seguridad en lugares peligrosos.<br \/>\n<\/span><\/p>\n","protected":false},"featured_media":24,"template":"","meta":{"_et_pb_use_builder":"","_et_pb_old_content":"","_et_gb_content_width":"","spay_email":""},"class_list":["post-20","product","type-product","status-publish","has-post-thumbnail","hentry","product_cat-atex","product_cat-iluminacion"],"jetpack_sharing_enabled":false,"_links":{"self":[{"href":"https:\/\/www.atlanticadechorro.com\/ibaljomeru\/wp-json\/wp\/v2\/product\/20","targetHints":{"allow":["GET"]}}],"collection":[{"href":"https:\/\/www.atlanticadechorro.com\/ibaljomeru\/wp-json\/wp\/v2\/product"}],"about":[{"href":"https:\/\/www.atlanticadechorro.com\/ibaljomeru\/wp-json\/wp\/v2\/types\/product"}],"wp:featuredmedia":[{"embeddable":true,"href":"https:\/\/www.atlanticadechorro.com\/ibaljomeru\/wp-json\/wp\/v2\/media\/24"}],"wp:attachment":[{"href":"https:\/\/www.atlanticadechorro.com\/ibaljomeru\/wp-json\/wp\/v2\/media?parent=20"}],"curies":[{"name":"wp","href":"https:\/\/api.w.org\/{rel}","templated":true}]}}