{"id":54,"date":"2018-12-18T11:35:49","date_gmt":"2018-12-18T11:35:49","guid":{"rendered":"https:\/\/www.atlanticadechorro.com\/jbaldemeru\/?post_type=product&#038;p=54"},"modified":"2019-02-11T11:16:34","modified_gmt":"2019-02-11T11:16:34","slug":"aspirador-atex-ipc-planet22s","status":"publish","type":"product","link":"https:\/\/www.atlanticadechorro.com\/ibaljomeru\/producto\/aspirador-atex-ipc-planet22s\/","title":{"rendered":"ASPIRADOR ATEX IPC PLANET22S"},"content":{"rendered":"<p>Aspirador industrial de polvo con certificado ATEX apto para trabajar en atmosferas explosivas. Potencia: 1.200W. Monof\u00e1sico. Depresi\u00f3n: 2.470 mmH<sub>2<\/sub>O. Caudal: 210 m<sup>3<\/sup>\/h. Di\u00e1metro de entrada: 60 mm. Dep\u00f3sito: 30 litros.<\/p>\n<p><strong>Caracter\u00edsticas exclusivas:<\/strong><\/p>\n<p>Clasificaci\u00f3n filtro M&amp;H, filtraci\u00f3n total, certificaci\u00f3n H (filtraci\u00f3n de alta eficiencia), conformidad ESD, filtraci\u00f3n multietapa, motor de 2 etapas, turbina a prueba de explosi\u00f3n y dise\u00f1o para zona ATEX22, ruedas conductivas con frenos, filtros antiest\u00e1ticos, bolsas conductivas de pol\u00edmero con cinta de seguridad, prefiltro de policarbonato y cartucho adicional, filtro HEPA H13, indicador de sobrepresi\u00f3n y saturaci\u00f3n de filtro, sistema de vaciado seguro, estructura resistente y tapa para transporte seguro.<\/p>\n<p>Incluye Kit de accesorios conductivos. Consultar otros accesorios incluidos y opcionales en la ficha de producto.<\/p>\n","protected":false},"excerpt":{"rendered":"<p>Aspirador industrial de polvo con certificado ATEX apto para trabajar en atmosferas explosivas. Potencia: 1.200W. Monof\u00e1sico. Depresi\u00f3n: 2.470 mmH<sub>2<\/sub>O. Caudal: 210 m<sup>3<\/sup>\/h. Di\u00e1metro de entrada: 60 mm. Dep\u00f3sito: 30 litros.<\/p>\n","protected":false},"featured_media":55,"template":"","meta":{"_et_pb_use_builder":"","_et_pb_old_content":"","_et_gb_content_width":"","spay_email":""},"class_list":["post-54","product","type-product","status-publish","has-post-thumbnail","hentry","product_cat-atex","product_cat-equipos-moviles-de-aspiracion"],"jetpack_sharing_enabled":true,"_links":{"self":[{"href":"https:\/\/www.atlanticadechorro.com\/ibaljomeru\/wp-json\/wp\/v2\/product\/54","targetHints":{"allow":["GET"]}}],"collection":[{"href":"https:\/\/www.atlanticadechorro.com\/ibaljomeru\/wp-json\/wp\/v2\/product"}],"about":[{"href":"https:\/\/www.atlanticadechorro.com\/ibaljomeru\/wp-json\/wp\/v2\/types\/product"}],"wp:featuredmedia":[{"embeddable":true,"href":"https:\/\/www.atlanticadechorro.com\/ibaljomeru\/wp-json\/wp\/v2\/media\/55"}],"wp:attachment":[{"href":"https:\/\/www.atlanticadechorro.com\/ibaljomeru\/wp-json\/wp\/v2\/media?parent=54"}],"curies":[{"name":"wp","href":"https:\/\/api.w.org\/{rel}","templated":true}]}}