{"id":62,"date":"2018-12-18T11:53:46","date_gmt":"2018-12-18T11:53:46","guid":{"rendered":"https:\/\/www.atlanticadechorro.com\/jbaldemeru\/?post_type=product&#038;p=62"},"modified":"2019-02-11T11:12:10","modified_gmt":"2019-02-11T11:12:10","slug":"vapor-blasting-ecoquip-2-eqs","status":"publish","type":"product","link":"https:\/\/www.atlanticadechorro.com\/ibaljomeru\/producto\/vapor-blasting-ecoquip-2-eqs\/","title":{"rendered":"VAPOR BLASTING ECOQUIP 2 EQS"},"content":{"rendered":"<p>La carretilla manual incorporada con ruedas de gran tama\u00f1o facilita el transporte de EQm dentro de la obra. No se deje enga\u00f1ar por el tama\u00f1o, esta arenador compacto puede hacer frente a cualquier tipo de proyecto, desde limpieza hasta preparaci\u00f3n de superficies.<\/p>\n<ul>\n<li>Cabe en la caja de la mayor\u00eda de las camionetas de serie<\/li>\n<li>La presi\u00f3n del arenado por aire comprimido oscila desde 30 a 175 PSI<\/li>\n<li>Ruedas de gran tama\u00f1o para un f\u00e1cil transporte<\/li>\n<li>Tama\u00f1o del recipiente de 3,5 pies c\u00fabicos que tiene una capacidad aproximada de (8) bolsas de 55 lb de material<\/li>\n<\/ul>\n","protected":false},"excerpt":{"rendered":"<p>La carretilla manual incorporada con ruedas de gran tama\u00f1o facilita el transporte de EQm dentro de la obra. No se deje enga\u00f1ar por el tama\u00f1o, esta arenador compacto puede hacer frente a cualquier tipo de proyecto, desde limpieza hasta preparaci\u00f3n de superficies.<\/p>\n","protected":false},"featured_media":63,"template":"","meta":{"_et_pb_use_builder":"","_et_pb_old_content":"","_et_gb_content_width":"","spay_email":""},"class_list":["post-62","product","type-product","status-publish","has-post-thumbnail","hentry","product_cat-tratamiento-de-superficies"],"jetpack_sharing_enabled":true,"_links":{"self":[{"href":"https:\/\/www.atlanticadechorro.com\/ibaljomeru\/wp-json\/wp\/v2\/product\/62","targetHints":{"allow":["GET"]}}],"collection":[{"href":"https:\/\/www.atlanticadechorro.com\/ibaljomeru\/wp-json\/wp\/v2\/product"}],"about":[{"href":"https:\/\/www.atlanticadechorro.com\/ibaljomeru\/wp-json\/wp\/v2\/types\/product"}],"wp:featuredmedia":[{"embeddable":true,"href":"https:\/\/www.atlanticadechorro.com\/ibaljomeru\/wp-json\/wp\/v2\/media\/63"}],"wp:attachment":[{"href":"https:\/\/www.atlanticadechorro.com\/ibaljomeru\/wp-json\/wp\/v2\/media?parent=62"}],"curies":[{"name":"wp","href":"https:\/\/api.w.org\/{rel}","templated":true}]}}