{"id":68,"date":"2018-12-18T12:23:55","date_gmt":"2018-12-18T12:23:55","guid":{"rendered":"https:\/\/www.atlanticadechorro.com\/jbaldemeru\/?post_type=product&#038;p=68"},"modified":"2019-02-12T11:44:47","modified_gmt":"2019-02-12T11:44:47","slug":"colectoresd-e-polvo-portatiles","status":"publish","type":"product","link":"https:\/\/www.atlanticadechorro.com\/ibaljomeru\/producto\/colectoresd-e-polvo-portatiles\/","title":{"rendered":"COLECTORES DE POLVO PORT\u00c1TILES"},"content":{"rendered":"<h2>Colector de polvo\u00a0 MB 10000 + MBX-120 C3 o\u00a0 MB 20000 + MBX-156 C3<\/h2>\n<p>Nuestros colectores de polvo ofrecen algo m\u00e1s que una buena ventilaci\u00f3n en una cabina de chorro, es tambi\u00e9n una contribuci\u00f3n a la protecci\u00f3n del medio ambiente.El filtro aspira el aire polvoriento que se produce durante el proceso de chorreado y lo limpia. Un sistema de filtrado eficaz nos asegura unas condiciones de trabajo \u00f3ptimas para el operario, lo cual incrementa la productividad.<\/p>\n<p>Utilizando cartuchos de poli\u00e9ster antiest\u00e1ticos categor\u00eda M, las emisiones de polvo a la atm\u00f3sfera son menores a 2 mg\/m3\u00a0una vez realizado el filtrado.<\/p>\n<table class=\"mainTable\" style=\"height: 311px;\" width=\"524\">\n<tbody>\n<tr class=\"odd\">\n<td class=\"backgroundDark\"><strong>\u00c1rea de apliaci\u00f3n<\/strong><\/td>\n<td>Cabinas de chorro<\/p>\n<p>Aireaci\u00f3n tanques<\/p>\n<p>Equipos port\u00e1tiles<\/td>\n<\/tr>\n<tr class=\"even\">\n<td class=\"backgroundDark\"><strong>Dimensiones totales LargoxAnchoxAlto\u00a0*<\/strong><\/td>\n<td>2990 x 2950 x 2320 mm<\/td>\n<\/tr>\n<tr class=\"odd\">\n<td class=\"backgroundDark\"><strong>Peso\u00a0*<\/strong><\/td>\n<td>2200\/2350 kg<\/td>\n<\/tr>\n<tr class=\"even\">\n<td class=\"backgroundDark\"><strong>Consumo<\/strong><\/td>\n<td>15\/30 kW<\/td>\n<\/tr>\n<tr class=\"odd\">\n<td class=\"backgroundDark\"><strong>Capacidad del ventilador\/ volumen de aire (m\u00b3\/h )<\/strong><\/td>\n<td>10000\/20000<\/td>\n<\/tr>\n<tr class=\"even\">\n<td class=\"backgroundDark\"><strong>Categor\u00eda de polvo<\/strong><\/td>\n<td>M<\/td>\n<\/tr>\n<\/tbody>\n<\/table>\n<p id=\"toleranz_hinweis\">* Los valores +\/- pueden variar dependiendo de la configuraci\u00f3n , arreglo y funci\u00f3n.<\/p>\n","protected":false},"excerpt":{"rendered":"<p>Nuestros colectores de polvo ofrecen algo m\u00e1s que una buena ventilaci\u00f3n en una cabina de chorro, es tambi\u00e9n una contribuci\u00f3n a la protecci\u00f3n del medio ambiente.El filtro aspira el aire polvoriento que se produce durante el proceso de chorreado y lo limpia. Un sistema de filtrado eficaz nos asegura unas condiciones de trabajo \u00f3ptimas para el operario, lo cual incrementa la productividad.<\/p>\n","protected":false},"featured_media":69,"template":"","meta":{"_et_pb_use_builder":"","_et_pb_old_content":"","_et_gb_content_width":"","spay_email":""},"class_list":["post-68","product","type-product","status-publish","has-post-thumbnail","hentry","product_cat-equipos-moviles-de-aspiracion"],"jetpack_sharing_enabled":true,"_links":{"self":[{"href":"https:\/\/www.atlanticadechorro.com\/ibaljomeru\/wp-json\/wp\/v2\/product\/68","targetHints":{"allow":["GET"]}}],"collection":[{"href":"https:\/\/www.atlanticadechorro.com\/ibaljomeru\/wp-json\/wp\/v2\/product"}],"about":[{"href":"https:\/\/www.atlanticadechorro.com\/ibaljomeru\/wp-json\/wp\/v2\/types\/product"}],"wp:featuredmedia":[{"embeddable":true,"href":"https:\/\/www.atlanticadechorro.com\/ibaljomeru\/wp-json\/wp\/v2\/media\/69"}],"wp:attachment":[{"href":"https:\/\/www.atlanticadechorro.com\/ibaljomeru\/wp-json\/wp\/v2\/media?parent=68"}],"curies":[{"name":"wp","href":"https:\/\/api.w.org\/{rel}","templated":true}]}}