{"id":70,"date":"2018-12-18T12:36:54","date_gmt":"2018-12-18T12:36:54","guid":{"rendered":"https:\/\/www.atlanticadechorro.com\/jbaldemeru\/?post_type=product&#038;p=70"},"modified":"2019-01-02T10:41:18","modified_gmt":"2019-01-02T10:41:18","slug":"bomba-de-vacio-abrasivo-munkebo-mb3000-e4","status":"publish","type":"product","link":"https:\/\/www.atlanticadechorro.com\/ibaljomeru\/producto\/bomba-de-vacio-abrasivo-munkebo-mb3000-e4\/","title":{"rendered":"BOMBA DE VACIO ABRASIVO MUNKEBO MB3000 E4"},"content":{"rendered":"<p>La unidad de succi\u00f3n recupera el abrasivo utilizado para su reciclado. Con el poder de la succi\u00f3n, el abrasivo se transporta del \u00e1rea de chorreado hasta el m\u00f3dulo de limpieza para su posterior almacenamiento a la espera de su reutilizaci\u00f3n. El correcto reciclaje de abrasivos reutilizables, es esencial para abaratar costos , ser econ\u00f3micamente eficientes y lograr el \u00e9xito en los trabajos.<br \/>\nLa bomba de vac\u00edo MB-3000 E4 tiene un ratio de recogida entre 3- 20 ton.\/h, utilizando un m\u00e1ximo de 45 metros de manguera ( lo recomendado)<\/p>\n<ul>\n<li><strong>\u00c1rea de apliaci\u00f3n:<\/strong> Sistemas de recogida de abrasivo<\/li>\n<li><strong>Dimensiones totales:<\/strong> LargoxAnchoxAlto * 2965 x 2390 x 1500 mm<\/li>\n<li><strong>Peso *:<\/strong> 2850 kg<\/li>\n<li><strong>Caracter\u00edsticas Potencia:<\/strong> 100 CV\/ 75 kW<\/li>\n<li><strong>Consumo de aire:<\/strong> 52 m3\/min a 0,5bar<\/li>\n<li><strong>Consumo:<\/strong> 56 kW 1<\/li>\n<li><strong>Especificaciones el\u00e9ctricas:<\/strong> 3x 400V, 50Hz<\/li>\n<\/ul>\n<p>* Los valores +\/- pueden variar dependiendo de la configuraci\u00f3n , arreglo y funci\u00f3n.<\/p>\n","protected":false},"excerpt":{"rendered":"<p>La unidad de succi\u00f3n recupera el abrasivo utilizado para su reciclado. Con el poder de la succi\u00f3n, el abrasivo se transporta del \u00e1rea de chorreado hasta el m\u00f3dulo de limpieza para su posterior almacenamiento a la espera de su reutilizaci\u00f3n. El correcto reciclaje de abrasivos reutilizables, es esencial para abaratar costos , ser econ\u00f3micamente eficientes [&hellip;]<\/p>\n","protected":false},"featured_media":72,"template":"","meta":{"_et_pb_use_builder":"","_et_pb_old_content":"","_et_gb_content_width":"","spay_email":""},"class_list":["post-70","product","type-product","status-publish","has-post-thumbnail","hentry","product_cat-equipos-moviles-de-aspiracion"],"jetpack_sharing_enabled":true,"_links":{"self":[{"href":"https:\/\/www.atlanticadechorro.com\/ibaljomeru\/wp-json\/wp\/v2\/product\/70","targetHints":{"allow":["GET"]}}],"collection":[{"href":"https:\/\/www.atlanticadechorro.com\/ibaljomeru\/wp-json\/wp\/v2\/product"}],"about":[{"href":"https:\/\/www.atlanticadechorro.com\/ibaljomeru\/wp-json\/wp\/v2\/types\/product"}],"wp:featuredmedia":[{"embeddable":true,"href":"https:\/\/www.atlanticadechorro.com\/ibaljomeru\/wp-json\/wp\/v2\/media\/72"}],"wp:attachment":[{"href":"https:\/\/www.atlanticadechorro.com\/ibaljomeru\/wp-json\/wp\/v2\/media?parent=70"}],"curies":[{"name":"wp","href":"https:\/\/api.w.org\/{rel}","templated":true}]}}