{"id":74,"date":"2018-12-19T10:21:18","date_gmt":"2018-12-19T10:21:18","guid":{"rendered":"https:\/\/www.atlanticadechorro.com\/jbaldemeru\/?post_type=product&#038;p=74"},"modified":"2019-02-11T12:39:30","modified_gmt":"2019-02-11T12:39:30","slug":"equipos-chorro-sin-polvo","status":"publish","type":"product","link":"https:\/\/www.atlanticadechorro.com\/ibaljomeru\/producto\/equipos-chorro-sin-polvo\/","title":{"rendered":"EQUIPOS DE CHORRO SIN POLVO"},"content":{"rendered":"<p>Incorporamos las m\u00e1s completa gama de equipos de chorreado por vac\u00edo con la eliminaci\u00f3n total de polvo<br \/>\nNuestras m\u00e1quinas han sido desarrolladas despu\u00e9s de un amplio estudio de las necesidades existentes, de acuerdo con la legislaci\u00f3n actual y conforme a las exigencias de industrias y contratistas que trabajan en el campo del tratamiento de superficies.<\/p>\n<h3>Caracter\u00edsticas:<\/h3>\n<ul>\n<li>Tecnolog\u00eda \u00fanica: de construcci\u00f3n compacta y robusta, permiten un funcionamiento continuo por circuito cerrado.<\/li>\n<li>Libre de polvo- ecol\u00f3gico: se elimina todo el polvo generado en las operaciones de limpieza a chorro, en circunstancias \u00f3ptimas hasta un 99%. Previene de molestias a otras actividades cercanas y garantiza un mejor ambiente de trabajo.<\/li>\n<li>Reducci\u00f3n de los gastos de abrasivo: el proceso de recirculaci\u00f3n permite el uso de abrasivos de alta calidad y dureza. Dependiendo del tipo abrasivo y de la \u00edndole del trabajo la duraci\u00f3n var\u00eda entre 20 a 100 ciclos.<\/li>\n<li>T\u00e9cnica econ\u00f3mica: Eliminando la necesidad de tapar las construcciones antes de tratarlas y reduciendo los gastos de recoger y transportar los residuos un 95% aproximadamente.<\/li>\n<li>Consumo de aire comprimido: los equipos Racohi van provistos de aspiraci\u00f3n impulsada el\u00e9ctricamente, reduciendo el consumo de aire comprimido.<\/li>\n<\/ul>\n","protected":false},"excerpt":{"rendered":"<p>Incorporamos las m\u00e1s completa gama de equipos de chorreado por vac\u00edo con la eliminaci\u00f3n total de polvo<br \/>\nNuestras m\u00e1quinas han sido desarrolladas despu\u00e9s de un amplio estudio de las necesidades existentes, de acuerdo con la legislaci\u00f3n actual y conforme a las exigencias de industrias y contratistas que trabajan en el campo del tratamiento de superficies.<\/p>\n","protected":false},"featured_media":141,"template":"","meta":{"_et_pb_use_builder":"","_et_pb_old_content":"","_et_gb_content_width":"","spay_email":""},"class_list":["post-74","product","type-product","status-publish","has-post-thumbnail","hentry","product_cat-equipo-de-chorro-sin-polvo","product_cat-tratamiento-de-superficies"],"jetpack_sharing_enabled":true,"_links":{"self":[{"href":"https:\/\/www.atlanticadechorro.com\/ibaljomeru\/wp-json\/wp\/v2\/product\/74","targetHints":{"allow":["GET"]}}],"collection":[{"href":"https:\/\/www.atlanticadechorro.com\/ibaljomeru\/wp-json\/wp\/v2\/product"}],"about":[{"href":"https:\/\/www.atlanticadechorro.com\/ibaljomeru\/wp-json\/wp\/v2\/types\/product"}],"wp:featuredmedia":[{"embeddable":true,"href":"https:\/\/www.atlanticadechorro.com\/ibaljomeru\/wp-json\/wp\/v2\/media\/141"}],"wp:attachment":[{"href":"https:\/\/www.atlanticadechorro.com\/ibaljomeru\/wp-json\/wp\/v2\/media?parent=74"}],"curies":[{"name":"wp","href":"https:\/\/api.w.org\/{rel}","templated":true}]}}