{"id":76,"date":"2018-12-19T10:30:46","date_gmt":"2018-12-19T10:30:46","guid":{"rendered":"https:\/\/www.atlanticadechorro.com\/jbaldemeru\/?post_type=product&#038;p=76"},"modified":"2019-02-12T09:55:57","modified_gmt":"2019-02-12T09:55:57","slug":"hidrolavadora-agua-fria-500-bar","status":"publish","type":"product","link":"https:\/\/www.atlanticadechorro.com\/ibaljomeru\/producto\/hidrolavadora-agua-fria-500-bar\/","title":{"rendered":"HIDROLAVADORA AGUA FR\u00cdA 500 BAR"},"content":{"rendered":"<div class=\"logismarket--ficha-producto--a17--description\">\n<h3>Caracter\u00edsticas exclusivas<\/h3>\n<ul>\n<li>V\u00e1lvula termost\u00e1tica<\/li>\n<li>Control remoto parada de seguridad<\/li>\n<li>Protecci\u00f3n contra funcionamiento en seco<\/li>\n<\/ul>\n<h3>\u00c1reas de empleo<\/h3>\n<ul>\n<li>Automoci\u00f3n<\/li>\n<li>Agricultura<\/li>\n<li>Industria de la construcci\u00f3n<\/li>\n<li>Sector p\u00fablico<\/li>\n<li>Industria pesada<\/li>\n<\/ul>\n<h3>Especificaciones<\/h3>\n<ul>\n<li>Man\u00f3metro profesional para la medici\u00f3n constante de la presi\u00f3n de funcionamiento<\/li>\n<li>Alta capacidad y filtro autolimpiable<\/li>\n<li>V\u00e1lvula termost\u00e1tica para proteger la bomba contra los posibles sobrecalentamientos<\/li>\n<\/ul>\n<\/div>\n<h3 class=\"logismarket--ficha-producto--a17--subtitle\">Especificaciones t\u00e9cnicas<\/h3>\n<div class=\"logismarket--ficha-producto--a17--table-container\" aria-hidden=\"false\" data-js=\"js__table\">\n<div class=\"panel-body\">\n<div class=\"table-responsive\">\n<table class=\"logismarket--ficha-producto--a17--table\" style=\"height: 302px;\" width=\"417\">\n<tbody class=\"logismarket--ficha-producto--a17--table-body\">\n<tr class=\"logismarket--ficha-producto--a17--table-row\">\n<td class=\"logismarket--ficha-producto--a17--table-cell\"><strong>Alimentaci\u00f3n el\u00e9ctrica<\/strong><\/td>\n<td class=\"logismarket--ficha-producto--a17--table-cell\">3-400-50\/29,8 Ph-V-Hz\/A<\/td>\n<\/tr>\n<tr class=\"logismarket--ficha-producto--a17--table-row\">\n<td class=\"logismarket--ficha-producto--a17--table-cell\"><strong>Bomba \/ cabezal \/ pistones<\/strong><\/td>\n<td class=\"logismarket--ficha-producto--a17--table-cell\">Lineal \/ lat\u00f3n \/ cer\u00e1mica<\/td>\n<\/tr>\n<tr class=\"logismarket--ficha-producto--a17--table-row\">\n<td class=\"logismarket--ficha-producto--a17--table-cell\"><strong>Caudal<\/strong><\/td>\n<td class=\"logismarket--ficha-producto--a17--table-cell\">1000 litros por hora<\/td>\n<\/tr>\n<tr class=\"logismarket--ficha-producto--a17--table-row\">\n<td class=\"logismarket--ficha-producto--a17--table-cell\"><strong>Control remoto<\/strong><\/td>\n<td class=\"logismarket--ficha-producto--a17--table-cell\">ST<\/td>\n<\/tr>\n<tr class=\"logismarket--ficha-producto--a17--table-row\">\n<td class=\"logismarket--ficha-producto--a17--table-cell\"><strong>Dimensiones (LxAxH)<\/strong><\/td>\n<td class=\"logismarket--ficha-producto--a17--table-cell\">120 x 70 x 100 cm<\/td>\n<\/tr>\n<tr class=\"logismarket--ficha-producto--a17--table-row\">\n<td class=\"logismarket--ficha-producto--a17--table-cell\"><strong>Peso<\/strong><\/td>\n<td class=\"logismarket--ficha-producto--a17--table-cell\">185 kg<\/td>\n<\/tr>\n<tr class=\"logismarket--ficha-producto--a17--table-row\">\n<td class=\"logismarket--ficha-producto--a17--table-cell\"><strong>Polo motor\/rpm<\/strong><\/td>\n<td class=\"logismarket--ficha-producto--a17--table-cell\">4-1400<\/td>\n<\/tr>\n<tr class=\"logismarket--ficha-producto--a17--table-row\">\n<td class=\"logismarket--ficha-producto--a17--table-cell\"><strong>Potencia absorbida<\/strong><\/td>\n<td class=\"logismarket--ficha-producto--a17--table-cell\">17,5 kW<\/td>\n<\/tr>\n<tr class=\"logismarket--ficha-producto--a17--table-row\">\n<td class=\"logismarket--ficha-producto--a17--table-cell\"><strong>Presi\u00f3n de funcionamiento<\/strong><\/td>\n<td class=\"logismarket--ficha-producto--a17--table-cell\">550\/50 bar\/Mpa<\/td>\n<\/tr>\n<tr class=\"logismarket--ficha-producto--a17--table-row\">\n<td class=\"logismarket--ficha-producto--a17--table-cell\"><strong>Temperatura m\u00e1x. entrada agua<\/strong><\/td>\n<td class=\"logismarket--ficha-producto--a17--table-cell\">50 \u00baC<\/td>\n<\/tr>\n<\/tbody>\n<\/table>\n<\/div>\n<\/div>\n<\/div>\n","protected":false},"excerpt":{"rendered":"<ul>\n<li>Presi\u00f3n: 500 bar.<\/li>\n<li>Caudal: 1000 litros por hora.<\/li>\n<li>Potencia absorbida: 17,5 kW.<\/li>\n<\/ul>\n","protected":false},"featured_media":145,"template":"","meta":{"_et_pb_use_builder":"","_et_pb_old_content":"","_et_gb_content_width":"","spay_email":""},"class_list":["post-76","product","type-product","status-publish","has-post-thumbnail","hentry","product_cat-equipos-de-agua"],"jetpack_sharing_enabled":true,"_links":{"self":[{"href":"https:\/\/www.atlanticadechorro.com\/ibaljomeru\/wp-json\/wp\/v2\/product\/76","targetHints":{"allow":["GET"]}}],"collection":[{"href":"https:\/\/www.atlanticadechorro.com\/ibaljomeru\/wp-json\/wp\/v2\/product"}],"about":[{"href":"https:\/\/www.atlanticadechorro.com\/ibaljomeru\/wp-json\/wp\/v2\/types\/product"}],"wp:featuredmedia":[{"embeddable":true,"href":"https:\/\/www.atlanticadechorro.com\/ibaljomeru\/wp-json\/wp\/v2\/media\/145"}],"wp:attachment":[{"href":"https:\/\/www.atlanticadechorro.com\/ibaljomeru\/wp-json\/wp\/v2\/media?parent=76"}],"curies":[{"name":"wp","href":"https:\/\/api.w.org\/{rel}","templated":true}]}}