{"id":80,"date":"2018-12-19T11:07:35","date_gmt":"2018-12-19T11:07:35","guid":{"rendered":"https:\/\/www.atlanticadechorro.com\/jbaldemeru\/?post_type=product&#038;p=80"},"modified":"2019-01-02T10:35:11","modified_gmt":"2019-01-02T10:35:11","slug":"linterna-atex-recargable-de-cabeza-kl45lm","status":"publish","type":"product","link":"https:\/\/www.atlanticadechorro.com\/ibaljomeru\/producto\/linterna-atex-recargable-de-cabeza-kl45lm\/","title":{"rendered":"LINTERNA ATEX RECARGABLE DE CABEZA KL45LM"},"content":{"rendered":"<p>Nuevas l\u00e1mparas con m\u00e1s capacidad de trabajo, su tecnolog\u00eda interna le brinda niveles \u00f3ptimos de iluminaci\u00f3n y ciclos de vida. F\u00e1cil de cargar mediante cargador tipo celular. C\u00f3modas y f\u00e1ciles de portar, se adaptan a cualquier tipo de casco.<\/p>\n<h3>Caracter\u00edsticas:<\/h3>\n<ul>\n<li>Se trata de un nuevo estilo de la l\u00e1mpara de casco inal\u00e1mbrico y port\u00e1til, digital, peso ligero y larga vida \u00fatil.<\/li>\n<li>Seguridad: Todos en uno con material pl\u00e1stico de\u00a0 PC, que cuentan con muy buena prueba de explosiones.<\/li>\n<li>Protecci\u00f3n de cortocircuito el\u00e9ctrico, apagado autom\u00e1tico en el z\u00f3calo, 100,000 horas de por vida LED.<\/li>\n<li>Portabilidad: S\u00f3lo una l\u00e1mpara de cabeza, peque\u00f1a en tama\u00f1o, de peso ligero (s\u00f3lo 215g de producto en su totalidad), carga simple, uso f\u00e1cil<\/li>\n<li>Eficiencia: m\u00e1s de 15 horas en el brillo completo.\u00a0M\u00e1s de 3000 lux en el momento de partida, y m\u00e1s de 2000Lux despu\u00e9s de 11 horas de iluminaci\u00f3n continua.<\/li>\n<\/ul>\n","protected":false},"excerpt":{"rendered":"<p>Nuevas l\u00e1mparas con m\u00e1s capacidad de trabajo, su tecnolog\u00eda interna le brinda niveles \u00f3ptimos de iluminaci\u00f3n y ciclos de vida. F\u00e1cil de cargar mediante cargador tipo celular. C\u00f3modas y f\u00e1ciles de portar, se adaptan a cualquier tipo de casco.<\/p>\n","protected":false},"featured_media":81,"template":"","meta":{"_et_pb_use_builder":"","_et_pb_old_content":"","_et_gb_content_width":"","spay_email":""},"class_list":["post-80","product","type-product","status-publish","has-post-thumbnail","hentry","product_cat-atex","product_cat-iluminacion"],"jetpack_sharing_enabled":true,"_links":{"self":[{"href":"https:\/\/www.atlanticadechorro.com\/ibaljomeru\/wp-json\/wp\/v2\/product\/80","targetHints":{"allow":["GET"]}}],"collection":[{"href":"https:\/\/www.atlanticadechorro.com\/ibaljomeru\/wp-json\/wp\/v2\/product"}],"about":[{"href":"https:\/\/www.atlanticadechorro.com\/ibaljomeru\/wp-json\/wp\/v2\/types\/product"}],"wp:featuredmedia":[{"embeddable":true,"href":"https:\/\/www.atlanticadechorro.com\/ibaljomeru\/wp-json\/wp\/v2\/media\/81"}],"wp:attachment":[{"href":"https:\/\/www.atlanticadechorro.com\/ibaljomeru\/wp-json\/wp\/v2\/media?parent=80"}],"curies":[{"name":"wp","href":"https:\/\/api.w.org\/{rel}","templated":true}]}}