{"id":82,"date":"2018-12-20T09:30:29","date_gmt":"2018-12-20T09:30:29","guid":{"rendered":"https:\/\/www.atlanticadechorro.com\/jbaldemeru\/?post_type=product&#038;p=82"},"modified":"2019-01-02T10:33:55","modified_gmt":"2019-01-02T10:33:55","slug":"rotativa-abrillantadora-de-suelo-sd-20-ipc","status":"publish","type":"product","link":"https:\/\/www.atlanticadechorro.com\/ibaljomeru\/producto\/rotativa-abrillantadora-de-suelo-sd-20-ipc\/","title":{"rendered":"ROTATIVA ABRILLANTADORA DE SUELO SD 20 IPC"},"content":{"rendered":"<p class=\"article-block-text\"><span class=\"notranslate\">Con un ancho de trabajo de 505 mm, una potencia del motor de 1600 W y una velocidad de pincel de 154 rpm, la SD 20 es la <strong>m\u00e1quina de discos individuales m\u00e1s poderosa<\/strong> en el rango de IPC <\/span><span class=\"notranslate\">SD 20 es un producto <strong>dise\u00f1ado para profesionales<\/strong> y es f\u00e1cil de usar.<\/span> <span class=\"notranslate\"> Gracias al mango ergon\u00f3mico, puede maniobrar la m\u00e1quina sin dificultad incluso en espacios amueblados.<br \/>\n<\/span><span class=\"notranslate\"> IPC recomienda su uso en sectores como la industria, sitios de construcci\u00f3n, horeca y oficinas.<\/span><\/p>\n","protected":false},"excerpt":{"rendered":"<p>Con un ancho de trabajo de 505 mm, una potencia del motor de 1600 W y una velocidad de pincel de 154 rpm, la SD 20 es la m\u00e1quina de discos individuales m\u00e1s poderosa en el rango de IPC SD 20 es un producto dise\u00f1ado para profesionales y es f\u00e1cil de usar. Gracias al mango [&hellip;]<\/p>\n","protected":false},"featured_media":83,"template":"","meta":{"_et_pb_use_builder":"","_et_pb_old_content":"","_et_gb_content_width":"","spay_email":""},"class_list":["post-82","product","type-product","status-publish","has-post-thumbnail","hentry","product_cat-tratamiento-de-superficies"],"jetpack_sharing_enabled":true,"_links":{"self":[{"href":"https:\/\/www.atlanticadechorro.com\/ibaljomeru\/wp-json\/wp\/v2\/product\/82","targetHints":{"allow":["GET"]}}],"collection":[{"href":"https:\/\/www.atlanticadechorro.com\/ibaljomeru\/wp-json\/wp\/v2\/product"}],"about":[{"href":"https:\/\/www.atlanticadechorro.com\/ibaljomeru\/wp-json\/wp\/v2\/types\/product"}],"wp:featuredmedia":[{"embeddable":true,"href":"https:\/\/www.atlanticadechorro.com\/ibaljomeru\/wp-json\/wp\/v2\/media\/83"}],"wp:attachment":[{"href":"https:\/\/www.atlanticadechorro.com\/ibaljomeru\/wp-json\/wp\/v2\/media?parent=82"}],"curies":[{"name":"wp","href":"https:\/\/api.w.org\/{rel}","templated":true}]}}