{"id":89,"date":"2018-12-20T10:05:26","date_gmt":"2018-12-20T10:05:26","guid":{"rendered":"https:\/\/www.atlanticadechorro.com\/jbaldemeru\/?post_type=product&#038;p=89"},"modified":"2019-02-12T10:20:33","modified_gmt":"2019-02-12T10:20:33","slug":"robot-magnetico-para-tratamiento-de-superficies-metalicas","status":"publish","type":"product","link":"https:\/\/www.atlanticadechorro.com\/ibaljomeru\/producto\/robot-magnetico-para-tratamiento-de-superficies-metalicas\/","title":{"rendered":"ROBOT MAGNETICO PARA TRATAMIENTO DE SUPERFICIES METALICAS"},"content":{"rendered":"<p>El robot est\u00e1 equipado con imanes que se adhieren a la superficie met\u00e1lica, pudiendo realizar trabajos en cualquier direcci\u00f3n incluso en posici\u00f3n invertida. Puede rotar sobre su eje y desplazarse sobre superficies curvas. Va dirigido a trav\u00e9s de control remoto donde se puede controlar direcci\u00f3n, sentido, velocidad. Con el podemos conseguir una reducci\u00f3n de costes de operarios, andamios, etc. Tiene un elevado rendimiento y en cuanto a seguridad se disminuye el riesgo de accidentes debido a la fatiga o trabajos en altura de ellos.<\/p>\n","protected":false},"excerpt":{"rendered":"<p>El robot est\u00e1 equipado con imanes que se adhieren a la superficie met\u00e1lica, pudiendo realizar trabajos en cualquier direcci\u00f3n incluso en posici\u00f3n invertida.<\/p>\n","protected":false},"featured_media":91,"template":"","meta":{"_et_pb_use_builder":"","_et_pb_old_content":"","_et_gb_content_width":"","spay_email":""},"class_list":["post-89","product","type-product","status-publish","has-post-thumbnail","hentry","product_cat-equipos-de-agua","product_cat-tratamiento-de-superficies"],"jetpack_sharing_enabled":true,"_links":{"self":[{"href":"https:\/\/www.atlanticadechorro.com\/ibaljomeru\/wp-json\/wp\/v2\/product\/89","targetHints":{"allow":["GET"]}}],"collection":[{"href":"https:\/\/www.atlanticadechorro.com\/ibaljomeru\/wp-json\/wp\/v2\/product"}],"about":[{"href":"https:\/\/www.atlanticadechorro.com\/ibaljomeru\/wp-json\/wp\/v2\/types\/product"}],"wp:featuredmedia":[{"embeddable":true,"href":"https:\/\/www.atlanticadechorro.com\/ibaljomeru\/wp-json\/wp\/v2\/media\/91"}],"wp:attachment":[{"href":"https:\/\/www.atlanticadechorro.com\/ibaljomeru\/wp-json\/wp\/v2\/media?parent=89"}],"curies":[{"name":"wp","href":"https:\/\/api.w.org\/{rel}","templated":true}]}}